{"id":2,"date":"2022-12-29T11:35:56","date_gmt":"2022-12-29T10:35:56","guid":{"rendered":"https:\/\/vivioeurope.com\/?page_id=2"},"modified":"2024-10-09T09:42:30","modified_gmt":"2024-10-09T07:42:30","slug":"przykladowa-strona","status":"publish","type":"page","link":"https:\/\/vivioeurope.com\/","title":{"rendered":"O firmie"},"content":{"rendered":"\t\t<div data-elementor-type=\"wp-page\" data-elementor-id=\"2\" class=\"elementor elementor-2\">\n\t\t\t\t\t\t\t\t\t<section class=\"elementor-section elementor-top-section elementor-element elementor-element-19e89509 elementor-section-boxed elementor-section-height-default elementor-section-height-default\" data-id=\"19e89509\" data-element_type=\"section\">\n\t\t\t\t\t\t<div class=\"elementor-container elementor-column-gap-default\">\n\t\t\t\t\t<div class=\"elementor-column elementor-col-100 elementor-top-column elementor-element elementor-element-77b49ac0\" data-id=\"77b49ac0\" data-element_type=\"column\">\n\t\t\t<div class=\"elementor-widget-wrap elementor-element-populated\">\n\t\t\t\t\t\t\t\t<div class=\"elementor-element elementor-element-1887af31 elementor-widget elementor-widget-text-editor\" data-id=\"1887af31\" data-element_type=\"widget\" data-widget_type=\"text-editor.default\">\n\t\t\t\t<div class=\"elementor-widget-container\">\n\t\t\t<style>\/*! elementor - v3.10.1 - 17-01-2023 *\/\n.elementor-widget-text-editor.elementor-drop-cap-view-stacked .elementor-drop-cap{background-color:#818a91;color:#fff}.elementor-widget-text-editor.elementor-drop-cap-view-framed .elementor-drop-cap{color:#818a91;border:3px solid;background-color:transparent}.elementor-widget-text-editor:not(.elementor-drop-cap-view-default) .elementor-drop-cap{margin-top:8px}.elementor-widget-text-editor:not(.elementor-drop-cap-view-default) .elementor-drop-cap-letter{width:1em;height:1em}.elementor-widget-text-editor .elementor-drop-cap{float:left;text-align:center;line-height:1;font-size:50px}.elementor-widget-text-editor .elementor-drop-cap-letter{display:inline-block}<\/style>\t\t\t\t<p>WIRA Rados\u0142aw Witek\u00a0to polska firma, kt\u00f3ra\u00a0funkcjonuje\u00a0na rynku od 2008 roku. Od pocz\u0105tku swojej dzia\u0142alno\u015bci przedsi\u0119biorstwo dzia\u0142a\u0142o\u00a0w kilku obszarach.\u00a0<\/p>\n<p>G\u0142\u00f3wn\u0105 i czo\u0142ow\u0105 dzia\u0142alno\u015bci\u0105, rozwijan\u0105 od lat\u00a0jest produkcja i handel zdrow\u0105 \u017cywno\u015bci\u0105 wraz ze \u015bwiadczeniem us\u0142ug oko\u0142oprodukcyjnych na rzecz g\u0142\u00f3wnego dystrybutora\u00a0Radziowi Sp. z o.o.<\/p>\n<p>W ofercie firmy mo\u017cna znale\u017a\u0107 szerok\u0105 gam\u0119 produkt\u00f3w tj. : bakalie, suszone owoce, cukry i s\u0142odziki, suplementy diety, ziarna i nasiona, m\u0105ki, sole i minera\u0142y. W\u015br\u00f3d wy\u017cej wymienionych produkt\u00f3w znaczn\u0105 cz\u0119\u015b\u0107 stanowi\u0105 artyku\u0142y BIO oraz z certyfikatami ekologicznymi. Oferta produktowa stale wzbogacana jest o nowe propozycje.<\/p>\n<p>Firma\u00a0Wira kontroluje ca\u0142y proces produkcji: od surowca, przez tworzenie produktu, po opakowanie. Wszystkie surowce, p\u00f3\u0142produkty i produkty s\u0105 pozyskiwane wy\u0142\u0105cznie od sprawdzonych dostawc\u00f3w, kt\u00f3rzy spe\u0142niaj\u0105 wysokie\u00a0normy jako\u015bci.<\/p>\n<p>Firma Wira dok\u0142ada\u00a0 wszelkich stara\u0144, by rozbudowywa\u0107 \u00a0i unowocze\u015bnia\u0107 zaplecze produkcyjne, a tym samym tworzy\u0107 bardziej konkurencyjne produkty na rynku.<\/p>\t\t\t\t\t\t<\/div>\n\t\t\t\t<\/div>\n\t\t\t\t\t<\/div>\n\t\t<\/div>\n\t\t\t\t\t\t\t<\/div>\n\t\t<\/section>\n\t\t\t\t\t\t\t<\/div>\n\t\t","protected":false},"excerpt":{"rendered":"<p>WIRA Rados\u0142aw Witek\u00a0to polska firma, kt\u00f3ra\u00a0funkcjonuje\u00a0na rynku od 2008 roku. Od pocz\u0105tku swojej dzia\u0142alno\u015bci przedsi\u0119biorstwo dzia\u0142a\u0142o\u00a0w kilku obszarach.\u00a0 G\u0142\u00f3wn\u0105 i &hellip; <a href=\"https:\/\/vivioeurope.com\/\" class=\"more-link\">Czytaj dalej <span class=\"screen-reader-text\">O firmie<\/span><\/a><\/p>\n","protected":false},"author":1,"featured_media":0,"parent":0,"menu_order":0,"comment_status":"closed","ping_status":"open","template":"","meta":{"footnotes":""},"class_list":["post-2","page","type-page","status-publish","hentry"],"_links":{"self":[{"href":"https:\/\/vivioeurope.com\/index.php\/wp-json\/wp\/v2\/pages\/2","targetHints":{"allow":["GET"]}}],"collection":[{"href":"https:\/\/vivioeurope.com\/index.php\/wp-json\/wp\/v2\/pages"}],"about":[{"href":"https:\/\/vivioeurope.com\/index.php\/wp-json\/wp\/v2\/types\/page"}],"author":[{"embeddable":true,"href":"https:\/\/vivioeurope.com\/index.php\/wp-json\/wp\/v2\/users\/1"}],"replies":[{"embeddable":true,"href":"https:\/\/vivioeurope.com\/index.php\/wp-json\/wp\/v2\/comments?post=2"}],"version-history":[{"count":17,"href":"https:\/\/vivioeurope.com\/index.php\/wp-json\/wp\/v2\/pages\/2\/revisions"}],"predecessor-version":[{"id":232,"href":"https:\/\/vivioeurope.com\/index.php\/wp-json\/wp\/v2\/pages\/2\/revisions\/232"}],"wp:attachment":[{"href":"https:\/\/vivioeurope.com\/index.php\/wp-json\/wp\/v2\/media?parent=2"}],"curies":[{"name":"wp","href":"https:\/\/api.w.org\/{rel}","templated":true}]}}